{"id":570,"date":"2022-09-11T03:00:34","date_gmt":"2022-09-11T03:00:34","guid":{"rendered":"https:\/\/faysamimmigration.com\/nous-contacter\/"},"modified":"2026-01-28T22:00:38","modified_gmt":"2026-01-28T22:00:38","slug":"nous-contacter","status":"publish","type":"page","link":"https:\/\/faysamimmigration.com\/fr\/nous-contacter\/","title":{"rendered":"Nous contacter"},"content":{"rendered":"\t\t<div data-elementor-type=\"wp-page\" data-elementor-id=\"570\" class=\"elementor elementor-570 elementor-12\">\n\t\t\t\t\t\t<section class=\"elementor-section elementor-top-section elementor-element elementor-element-317d8ff0 elementor-section-content-middle elementor-section-height-min-height elementor-section-items-stretch elementor-section-boxed elementor-section-height-default\" data-id=\"317d8ff0\" data-element_type=\"section\">\n\t\t\t\t\t\t<div class=\"elementor-container elementor-column-gap-no\">\n\t\t\t\t\t<div class=\"elementor-column elementor-col-50 elementor-top-column elementor-element elementor-element-4d94fc38\" data-id=\"4d94fc38\" data-element_type=\"column\">\n\t\t\t<div class=\"elementor-widget-wrap elementor-element-populated\">\n\t\t\t\t\t\t<div class=\"elementor-element elementor-element-6992ee5c elementor-invisible elementor-widget elementor-widget-heading\" data-id=\"6992ee5c\" data-element_type=\"widget\" data-settings=\"{&quot;_animation&quot;:&quot;fadeIn&quot;}\" data-widget_type=\"heading.default\">\n\t\t\t\t<div class=\"elementor-widget-container\">\n\t\t\t\t\t<h2 class=\"elementor-heading-title elementor-size-default\">Nous contacter<\/h2>\t\t\t\t<\/div>\n\t\t\t\t<\/div>\n\t\t\t\t<div class=\"elementor-element elementor-element-3b23d92d elementor-widget elementor-widget-text-editor\" data-id=\"3b23d92d\" data-element_type=\"widget\" data-widget_type=\"text-editor.default\">\n\t\t\t\t<div class=\"elementor-widget-container\">\n\t\t\t\t\t\t\t\t\t<p>Nous attendons vos questions concernant l\u2019immigration ! Vous pouvez nous rejoindre en utilisant le formulaire ci-bas, <a href=\"https:\/\/faysamimmigration.com\/fr\/evaluation-gratuite\/\">obtenir votre \u00e9valuation gratuite <\/a>ou planifier une consultation.<\/p>\t\t\t\t\t\t\t\t<\/div>\n\t\t\t\t<\/div>\n\t\t\t\t\t<\/div>\n\t\t<\/div>\n\t\t\t\t<div class=\"elementor-column elementor-col-50 elementor-top-column elementor-element elementor-element-656184c6\" data-id=\"656184c6\" data-element_type=\"column\" data-settings=\"{&quot;background_background&quot;:&quot;classic&quot;}\">\n\t\t\t<div class=\"elementor-widget-wrap elementor-element-populated\">\n\t\t\t\t\t\t<div class=\"elementor-element elementor-element-420d8da6 elementor-widget elementor-widget-spacer\" data-id=\"420d8da6\" data-element_type=\"widget\" data-widget_type=\"spacer.default\">\n\t\t\t\t<div class=\"elementor-widget-container\">\n\t\t\t\t\t\t\t<div class=\"elementor-spacer\">\n\t\t\t<div class=\"elementor-spacer-inner\"><\/div>\n\t\t<\/div>\n\t\t\t\t\t\t<\/div>\n\t\t\t\t<\/div>\n\t\t\t\t\t<\/div>\n\t\t<\/div>\n\t\t\t\t\t<\/div>\n\t\t<\/section>\n\t\t\t\t<section class=\"elementor-section elementor-top-section elementor-element elementor-element-6e38d999 elementor-section-content-middle elementor-reverse-mobile elementor-section-height-min-height elementor-section-items-stretch elementor-section-full_width elementor-section-stretched elementor-section-height-default\" data-id=\"6e38d999\" data-element_type=\"section\" data-settings=\"{&quot;stretch_section&quot;:&quot;section-stretched&quot;,&quot;background_background&quot;:&quot;classic&quot;}\">\n\t\t\t\t\t\t<div class=\"elementor-container elementor-column-gap-extended\">\n\t\t\t\t\t<div class=\"elementor-column elementor-col-50 elementor-top-column elementor-element elementor-element-3d727bbd\" data-id=\"3d727bbd\" data-element_type=\"column\" data-settings=\"{&quot;background_background&quot;:&quot;classic&quot;}\">\n\t\t\t<div class=\"elementor-widget-wrap elementor-element-populated\">\n\t\t\t\t\t\t<div class=\"elementor-element elementor-element-2c41a6f elementor-widget elementor-widget-heading\" data-id=\"2c41a6f\" data-element_type=\"widget\" data-widget_type=\"heading.default\">\n\t\t\t\t<div class=\"elementor-widget-container\">\n\t\t\t\t\t<h2 class=\"elementor-heading-title elementor-size-default\">Coordonn\u00e9es<\/h2>\t\t\t\t<\/div>\n\t\t\t\t<\/div>\n\t\t\t\t<div class=\"elementor-element elementor-element-64147de8 elementor-widget elementor-widget-text-editor\" data-id=\"64147de8\" data-element_type=\"widget\" data-widget_type=\"text-editor.default\">\n\t\t\t\t<div class=\"elementor-widget-container\">\n\t\t\t\t\t\t\t\t\t<p><strong>Addresse :<\/strong> 3977 Saint-Dominique, Montr\u00e9al QC H2W2A4<\/p><p><strong>T\u00e9l\u00e9phone:<\/strong> +1 438-238-9792<\/p><p><strong>Courriel:<\/strong> info@faysamimmigration.com<\/p>\t\t\t\t\t\t\t\t<\/div>\n\t\t\t\t<\/div>\n\t\t\t\t\t<\/div>\n\t\t<\/div>\n\t\t\t\t<div class=\"elementor-column elementor-col-50 elementor-top-column elementor-element elementor-element-c31c19e\" data-id=\"c31c19e\" data-element_type=\"column\">\n\t\t\t<div class=\"elementor-widget-wrap elementor-element-populated\">\n\t\t\t\t\t\t<div class=\"elementor-element elementor-element-13317d9 elementor-widget elementor-widget-wpforms\" data-id=\"13317d9\" data-element_type=\"widget\" data-widget_type=\"wpforms.default\">\n\t\t\t\t<div class=\"elementor-widget-container\">\n\t\t\t\t\t<div class=\"wpforms-container wpforms-container-full\" id=\"wpforms-223\"><form id=\"wpforms-form-223\" class=\"wpforms-validate wpforms-form wpforms-ajax-form\" data-formid=\"223\" method=\"post\" enctype=\"multipart\/form-data\" action=\"\/fr\/wp-json\/wp\/v2\/pages\/570\" data-token=\"706c685fdf39e3132e92356cbb302a4a\"><noscript class=\"wpforms-error-noscript\">Veuillez activer JavaScript dans votre navigateur pour remplir ce formulaire.<\/noscript><div class=\"wpforms-field-container\"><div id=\"wpforms-223-field_0-container\" class=\"wpforms-field wpforms-field-name\" data-field-id=\"0\"><label class=\"wpforms-field-label\" for=\"wpforms-223-field_0\">Nom <span class=\"wpforms-required-label\">*<\/span><\/label><div class=\"wpforms-field-row wpforms-field-medium\"><div class=\"wpforms-field-row-block wpforms-first wpforms-one-half\"><input type=\"text\" id=\"wpforms-223-field_0\" class=\"wpforms-field-name-first wpforms-field-required\" name=\"wpforms[fields][0][first]\" required><label for=\"wpforms-223-field_0\" class=\"wpforms-field-sublabel after \">Pr\u00e9nom<\/label><\/div><div class=\"wpforms-field-row-block wpforms-one-half\"><input type=\"text\" id=\"wpforms-223-field_0-last\" class=\"wpforms-field-name-last wpforms-field-required\" name=\"wpforms[fields][0][last]\" required><label for=\"wpforms-223-field_0-last\" class=\"wpforms-field-sublabel after \">Nom<\/label><\/div><\/div><\/div><div id=\"wpforms-223-field_1-container\" class=\"wpforms-field wpforms-field-email\" data-field-id=\"1\"><label class=\"wpforms-field-label\" for=\"wpforms-223-field_1\">Courriel <span class=\"wpforms-required-label\">*<\/span><\/label><input type=\"email\" id=\"wpforms-223-field_1\" class=\"wpforms-field-medium wpforms-field-required\" name=\"wpforms[fields][1]\" required><\/div><div id=\"wpforms-223-field_2-container\" class=\"wpforms-field wpforms-field-textarea\" data-field-id=\"2\"><label class=\"wpforms-field-label\" for=\"wpforms-223-field_2\">Commentaire ou Message<\/label><textarea id=\"wpforms-223-field_2\" class=\"wpforms-field-medium\" name=\"wpforms[fields][2]\" ><\/textarea><\/div><\/div><input type=\"hidden\" name=\"wpforms[recaptcha]\" value=\"\"><div class=\"wpforms-submit-container\"><input type=\"hidden\" name=\"wpforms[id]\" value=\"223\"><input type=\"hidden\" name=\"wpforms[author]\" value=\"1\"><button type=\"submit\" name=\"wpforms[submit]\" id=\"wpforms-submit-223\" class=\"wpforms-submit\" data-alt-text=\"Envoi...\" data-submit-text=\"Soumettre\" aria-live=\"assertive\" value=\"wpforms-submit\">Soumettre<\/button><img decoding=\"async\" src=\"https:\/\/faysamimmigration.com\/wp-content\/plugins\/wpforms\/assets\/images\/submit-spin.svg\" class=\"wpforms-submit-spinner\" style=\"display: none;\" width=\"26\" height=\"26\" alt=\"Chargement en cours\"><\/div><\/form><\/div>  <!-- .wpforms-container -->\t\t\t\t<\/div>\n\t\t\t\t<\/div>\n\t\t\t\t\t<\/div>\n\t\t<\/div>\n\t\t\t\t\t<\/div>\n\t\t<\/section>\n\t\t\t\t<\/div>\n\t\t","protected":false},"excerpt":{"rendered":"<p>Nous contacter Nous attendons vos questions concernant l\u2019immigration ! Vous pouvez nous rejoindre en utilisant le formulaire ci-bas, obtenir votre \u00e9valuation gratuite ou planifier une consultation. Coordonn\u00e9es Addresse : 3977 Saint-Dominique, Montr\u00e9al QC H2W2A4 T\u00e9l\u00e9phone: +1 438-238-9792 Courriel: info@faysamimmigration.com<\/p>\n","protected":false},"author":1,"featured_media":456,"parent":0,"menu_order":0,"comment_status":"closed","ping_status":"closed","template":"elementor_header_footer","meta":{"site-sidebar-layout":"default","site-content-layout":"","ast-site-content-layout":"default","site-content-style":"default","site-sidebar-style":"default","ast-global-header-display":"","ast-banner-title-visibility":"","ast-main-header-display":"","ast-hfb-above-header-display":"","ast-hfb-below-header-display":"","ast-hfb-mobile-header-display":"","site-post-title":"","ast-breadcrumbs-content":"","ast-featured-img":"disabled","footer-sml-layout":"","ast-disable-related-posts":"","theme-transparent-header-meta":"","adv-header-id-meta":"","stick-header-meta":"","header-above-stick-meta":"","header-main-stick-meta":"","header-below-stick-meta":"","astra-migrate-meta-layouts":"default","ast-page-background-enabled":"default","ast-page-background-meta":{"desktop":{"background-color":"var(--ast-global-color-4)","background-image":"","background-repeat":"repeat","background-position":"center center","background-size":"auto","background-attachment":"scroll","background-type":"","background-media":"","overlay-type":"","overlay-color":"","overlay-opacity":"","overlay-gradient":""},"tablet":{"background-color":"","background-image":"","background-repeat":"repeat","background-position":"center center","background-size":"auto","background-attachment":"scroll","background-type":"","background-media":"","overlay-type":"","overlay-color":"","overlay-opacity":"","overlay-gradient":""},"mobile":{"background-color":"","background-image":"","background-repeat":"repeat","background-position":"center center","background-size":"auto","background-attachment":"scroll","background-type":"","background-media":"","overlay-type":"","overlay-color":"","overlay-opacity":"","overlay-gradient":""}},"ast-content-background-meta":{"desktop":{"background-color":"var(--ast-global-color-5)","background-image":"","background-repeat":"repeat","background-position":"center center","background-size":"auto","background-attachment":"scroll","background-type":"","background-media":"","overlay-type":"","overlay-color":"","overlay-opacity":"","overlay-gradient":""},"tablet":{"background-color":"var(--ast-global-color-5)","background-image":"","background-repeat":"repeat","background-position":"center center","background-size":"auto","background-attachment":"scroll","background-type":"","background-media":"","overlay-type":"","overlay-color":"","overlay-opacity":"","overlay-gradient":""},"mobile":{"background-color":"var(--ast-global-color-5)","background-image":"","background-repeat":"repeat","background-position":"center center","background-size":"auto","background-attachment":"scroll","background-type":"","background-media":"","overlay-type":"","overlay-color":"","overlay-opacity":"","overlay-gradient":""}},"footnotes":""},"class_list":["post-570","page","type-page","status-publish","has-post-thumbnail","hentry"],"yoast_head":"<!-- This site is optimized with the Yoast SEO plugin v26.8 - https:\/\/yoast.com\/product\/yoast-seo-wordpress\/ -->\n<title>Nous contacter - Faysam Immigration<\/title>\n<meta name=\"description\" content=\"Contactez-nous - Faysam immigration, une entreprise de consultation en immigration et citoyennet\u00e9 Canadienne, autortis\u00e9e par le CCIC (R 711323) et le gouvernement du Qu\u00e9bec(MIFI)#12129.\" \/>\n<meta name=\"robots\" content=\"index, follow, max-snippet:-1, max-image-preview:large, max-video-preview:-1\" \/>\n<link rel=\"canonical\" href=\"https:\/\/faysamimmigration.com\/fr\/nous-contacter\/\" \/>\n<meta property=\"og:locale\" content=\"fr_FR\" \/>\n<meta property=\"og:type\" content=\"article\" \/>\n<meta property=\"og:title\" content=\"Nous contacter - Faysam Immigration\" \/>\n<meta property=\"og:description\" content=\"Contactez-nous - Faysam immigration, une entreprise de consultation en immigration et citoyennet\u00e9 Canadienne, autortis\u00e9e par le CCIC (R 711323) et le gouvernement du Qu\u00e9bec(MIFI)#12129.\" \/>\n<meta property=\"og:url\" content=\"https:\/\/faysamimmigration.com\/fr\/nous-contacter\/\" \/>\n<meta property=\"og:site_name\" content=\"Faysam Immigration\" \/>\n<meta property=\"article:modified_time\" content=\"2026-01-28T22:00:38+00:00\" \/>\n<meta property=\"og:image\" content=\"https:\/\/faysamimmigration.com\/wp-content\/uploads\/2022\/12\/faysam_immigration_consultant_canada_montreal_quebec_contact.jpg\" \/>\n\t<meta property=\"og:image:width\" content=\"1600\" \/>\n\t<meta property=\"og:image:height\" content=\"1067\" \/>\n\t<meta property=\"og:image:type\" content=\"image\/jpeg\" \/>\n<meta name=\"twitter:card\" content=\"summary_large_image\" \/>\n<script type=\"application\/ld+json\" class=\"yoast-schema-graph\">{\"@context\":\"https:\/\/schema.org\",\"@graph\":[{\"@type\":\"WebPage\",\"@id\":\"https:\/\/faysamimmigration.com\/fr\/nous-contacter\/\",\"url\":\"https:\/\/faysamimmigration.com\/fr\/nous-contacter\/\",\"name\":\"Nous contacter - Faysam Immigration\",\"isPartOf\":{\"@id\":\"https:\/\/faysamimmigration.com\/fr\/#website\"},\"primaryImageOfPage\":{\"@id\":\"https:\/\/faysamimmigration.com\/fr\/nous-contacter\/#primaryimage\"},\"image\":{\"@id\":\"https:\/\/faysamimmigration.com\/fr\/nous-contacter\/#primaryimage\"},\"thumbnailUrl\":\"https:\/\/faysamimmigration.com\/wp-content\/uploads\/2022\/12\/faysam_immigration_consultant_canada_montreal_quebec_contact.jpg\",\"datePublished\":\"2022-09-11T03:00:34+00:00\",\"dateModified\":\"2026-01-28T22:00:38+00:00\",\"description\":\"Contactez-nous - Faysam immigration, une entreprise de consultation en immigration et citoyennet\u00e9 Canadienne, autortis\u00e9e par le CCIC (R 711323) et le gouvernement du Qu\u00e9bec(MIFI)#12129.\",\"breadcrumb\":{\"@id\":\"https:\/\/faysamimmigration.com\/fr\/nous-contacter\/#breadcrumb\"},\"inLanguage\":\"fr-FR\",\"potentialAction\":[{\"@type\":\"ReadAction\",\"target\":[\"https:\/\/faysamimmigration.com\/fr\/nous-contacter\/\"]}]},{\"@type\":\"ImageObject\",\"inLanguage\":\"fr-FR\",\"@id\":\"https:\/\/faysamimmigration.com\/fr\/nous-contacter\/#primaryimage\",\"url\":\"https:\/\/faysamimmigration.com\/wp-content\/uploads\/2022\/12\/faysam_immigration_consultant_canada_montreal_quebec_contact.jpg\",\"contentUrl\":\"https:\/\/faysamimmigration.com\/wp-content\/uploads\/2022\/12\/faysam_immigration_consultant_canada_montreal_quebec_contact.jpg\",\"width\":1600,\"height\":1067,\"caption\":\"faysam immigration consultant montreal student visa permit canada contact\"},{\"@type\":\"BreadcrumbList\",\"@id\":\"https:\/\/faysamimmigration.com\/fr\/nous-contacter\/#breadcrumb\",\"itemListElement\":[{\"@type\":\"ListItem\",\"position\":1,\"name\":\"Home\",\"item\":\"https:\/\/faysamimmigration.com\/fr\/accueil\/\"},{\"@type\":\"ListItem\",\"position\":2,\"name\":\"Nous contacter\"}]},{\"@type\":\"WebSite\",\"@id\":\"https:\/\/faysamimmigration.com\/fr\/#website\",\"url\":\"https:\/\/faysamimmigration.com\/fr\/\",\"name\":\"Faysam Immigration\",\"description\":\"Consultant r\u00e9glement\u00e9 en immigration et citoyennet\u00e9 canadienne\",\"publisher\":{\"@id\":\"https:\/\/faysamimmigration.com\/fr\/#organization\"},\"potentialAction\":[{\"@type\":\"SearchAction\",\"target\":{\"@type\":\"EntryPoint\",\"urlTemplate\":\"https:\/\/faysamimmigration.com\/fr\/?s={search_term_string}\"},\"query-input\":{\"@type\":\"PropertyValueSpecification\",\"valueRequired\":true,\"valueName\":\"search_term_string\"}}],\"inLanguage\":\"fr-FR\"},{\"@type\":\"Organization\",\"@id\":\"https:\/\/faysamimmigration.com\/fr\/#organization\",\"name\":\"Faysam Immigration\",\"url\":\"https:\/\/faysamimmigration.com\/fr\/\",\"logo\":{\"@type\":\"ImageObject\",\"inLanguage\":\"fr-FR\",\"@id\":\"https:\/\/faysamimmigration.com\/fr\/#\/schema\/logo\/image\/\",\"url\":\"https:\/\/faysamimmigration.com\/wp-content\/uploads\/2022\/09\/faysam_immigration_20221221_logo-01.png\",\"contentUrl\":\"https:\/\/faysamimmigration.com\/wp-content\/uploads\/2022\/09\/faysam_immigration_20221221_logo-01.png\",\"width\":782,\"height\":314,\"caption\":\"Faysam Immigration\"},\"image\":{\"@id\":\"https:\/\/faysamimmigration.com\/fr\/#\/schema\/logo\/image\/\"}}]}<\/script>\n<!-- \/ Yoast SEO plugin. -->","yoast_head_json":{"title":"Nous contacter - Faysam Immigration","description":"Contactez-nous - Faysam immigration, une entreprise de consultation en immigration et citoyennet\u00e9 Canadienne, autortis\u00e9e par le CCIC (R 711323) et le gouvernement du Qu\u00e9bec(MIFI)#12129.","robots":{"index":"index","follow":"follow","max-snippet":"max-snippet:-1","max-image-preview":"max-image-preview:large","max-video-preview":"max-video-preview:-1"},"canonical":"https:\/\/faysamimmigration.com\/fr\/nous-contacter\/","og_locale":"fr_FR","og_type":"article","og_title":"Nous contacter - Faysam Immigration","og_description":"Contactez-nous - Faysam immigration, une entreprise de consultation en immigration et citoyennet\u00e9 Canadienne, autortis\u00e9e par le CCIC (R 711323) et le gouvernement du Qu\u00e9bec(MIFI)#12129.","og_url":"https:\/\/faysamimmigration.com\/fr\/nous-contacter\/","og_site_name":"Faysam Immigration","article_modified_time":"2026-01-28T22:00:38+00:00","og_image":[{"width":1600,"height":1067,"url":"https:\/\/faysamimmigration.com\/wp-content\/uploads\/2022\/12\/faysam_immigration_consultant_canada_montreal_quebec_contact.jpg","type":"image\/jpeg"}],"twitter_card":"summary_large_image","schema":{"@context":"https:\/\/schema.org","@graph":[{"@type":"WebPage","@id":"https:\/\/faysamimmigration.com\/fr\/nous-contacter\/","url":"https:\/\/faysamimmigration.com\/fr\/nous-contacter\/","name":"Nous contacter - Faysam Immigration","isPartOf":{"@id":"https:\/\/faysamimmigration.com\/fr\/#website"},"primaryImageOfPage":{"@id":"https:\/\/faysamimmigration.com\/fr\/nous-contacter\/#primaryimage"},"image":{"@id":"https:\/\/faysamimmigration.com\/fr\/nous-contacter\/#primaryimage"},"thumbnailUrl":"https:\/\/faysamimmigration.com\/wp-content\/uploads\/2022\/12\/faysam_immigration_consultant_canada_montreal_quebec_contact.jpg","datePublished":"2022-09-11T03:00:34+00:00","dateModified":"2026-01-28T22:00:38+00:00","description":"Contactez-nous - Faysam immigration, une entreprise de consultation en immigration et citoyennet\u00e9 Canadienne, autortis\u00e9e par le CCIC (R 711323) et le gouvernement du Qu\u00e9bec(MIFI)#12129.","breadcrumb":{"@id":"https:\/\/faysamimmigration.com\/fr\/nous-contacter\/#breadcrumb"},"inLanguage":"fr-FR","potentialAction":[{"@type":"ReadAction","target":["https:\/\/faysamimmigration.com\/fr\/nous-contacter\/"]}]},{"@type":"ImageObject","inLanguage":"fr-FR","@id":"https:\/\/faysamimmigration.com\/fr\/nous-contacter\/#primaryimage","url":"https:\/\/faysamimmigration.com\/wp-content\/uploads\/2022\/12\/faysam_immigration_consultant_canada_montreal_quebec_contact.jpg","contentUrl":"https:\/\/faysamimmigration.com\/wp-content\/uploads\/2022\/12\/faysam_immigration_consultant_canada_montreal_quebec_contact.jpg","width":1600,"height":1067,"caption":"faysam immigration consultant montreal student visa permit canada contact"},{"@type":"BreadcrumbList","@id":"https:\/\/faysamimmigration.com\/fr\/nous-contacter\/#breadcrumb","itemListElement":[{"@type":"ListItem","position":1,"name":"Home","item":"https:\/\/faysamimmigration.com\/fr\/accueil\/"},{"@type":"ListItem","position":2,"name":"Nous contacter"}]},{"@type":"WebSite","@id":"https:\/\/faysamimmigration.com\/fr\/#website","url":"https:\/\/faysamimmigration.com\/fr\/","name":"Faysam Immigration","description":"Consultant r\u00e9glement\u00e9 en immigration et citoyennet\u00e9 canadienne","publisher":{"@id":"https:\/\/faysamimmigration.com\/fr\/#organization"},"potentialAction":[{"@type":"SearchAction","target":{"@type":"EntryPoint","urlTemplate":"https:\/\/faysamimmigration.com\/fr\/?s={search_term_string}"},"query-input":{"@type":"PropertyValueSpecification","valueRequired":true,"valueName":"search_term_string"}}],"inLanguage":"fr-FR"},{"@type":"Organization","@id":"https:\/\/faysamimmigration.com\/fr\/#organization","name":"Faysam Immigration","url":"https:\/\/faysamimmigration.com\/fr\/","logo":{"@type":"ImageObject","inLanguage":"fr-FR","@id":"https:\/\/faysamimmigration.com\/fr\/#\/schema\/logo\/image\/","url":"https:\/\/faysamimmigration.com\/wp-content\/uploads\/2022\/09\/faysam_immigration_20221221_logo-01.png","contentUrl":"https:\/\/faysamimmigration.com\/wp-content\/uploads\/2022\/09\/faysam_immigration_20221221_logo-01.png","width":782,"height":314,"caption":"Faysam Immigration"},"image":{"@id":"https:\/\/faysamimmigration.com\/fr\/#\/schema\/logo\/image\/"}}]}},"_links":{"self":[{"href":"https:\/\/faysamimmigration.com\/fr\/wp-json\/wp\/v2\/pages\/570","targetHints":{"allow":["GET"]}}],"collection":[{"href":"https:\/\/faysamimmigration.com\/fr\/wp-json\/wp\/v2\/pages"}],"about":[{"href":"https:\/\/faysamimmigration.com\/fr\/wp-json\/wp\/v2\/types\/page"}],"author":[{"embeddable":true,"href":"https:\/\/faysamimmigration.com\/fr\/wp-json\/wp\/v2\/users\/1"}],"replies":[{"embeddable":true,"href":"https:\/\/faysamimmigration.com\/fr\/wp-json\/wp\/v2\/comments?post=570"}],"version-history":[{"count":9,"href":"https:\/\/faysamimmigration.com\/fr\/wp-json\/wp\/v2\/pages\/570\/revisions"}],"predecessor-version":[{"id":817,"href":"https:\/\/faysamimmigration.com\/fr\/wp-json\/wp\/v2\/pages\/570\/revisions\/817"}],"wp:featuredmedia":[{"embeddable":true,"href":"https:\/\/faysamimmigration.com\/fr\/wp-json\/wp\/v2\/media\/456"}],"wp:attachment":[{"href":"https:\/\/faysamimmigration.com\/fr\/wp-json\/wp\/v2\/media?parent=570"}],"curies":[{"name":"wp","href":"https:\/\/api.w.org\/{rel}","templated":true}]}}