{"id":566,"date":"2022-12-23T16:04:24","date_gmt":"2022-12-23T16:04:24","guid":{"rendered":"https:\/\/faysamimmigration.com\/votre-consultant-en-immigration\/"},"modified":"2023-01-07T20:47:30","modified_gmt":"2023-01-07T20:47:30","slug":"votre-consultant-en-immigration","status":"publish","type":"page","link":"https:\/\/faysamimmigration.com\/fr\/votre-consultant-en-immigration\/","title":{"rendered":"Votre Consultant en immigration"},"content":{"rendered":"\t\t<div data-elementor-type=\"wp-page\" data-elementor-id=\"566\" class=\"elementor elementor-566 elementor-300\">\n\t\t\t\t\t\t<section class=\"elementor-section elementor-top-section elementor-element elementor-element-122be4ce elementor-section-boxed elementor-section-height-default elementor-section-height-default\" data-id=\"122be4ce\" data-element_type=\"section\">\n\t\t\t\t\t\t<div class=\"elementor-container elementor-column-gap-default\">\n\t\t\t\t\t<div class=\"elementor-column elementor-col-100 elementor-top-column elementor-element elementor-element-5706672d\" data-id=\"5706672d\" data-element_type=\"column\">\n\t\t\t<div class=\"elementor-widget-wrap elementor-element-populated\">\n\t\t\t\t\t\t<section class=\"elementor-section elementor-inner-section elementor-element elementor-element-a91ecf2 elementor-section-boxed elementor-section-height-default elementor-section-height-default\" data-id=\"a91ecf2\" data-element_type=\"section\">\n\t\t\t\t\t\t<div class=\"elementor-container elementor-column-gap-default\">\n\t\t\t\t\t<div class=\"elementor-column elementor-col-50 elementor-inner-column elementor-element elementor-element-adb4853\" data-id=\"adb4853\" data-element_type=\"column\" data-settings=\"{&quot;background_background&quot;:&quot;classic&quot;}\">\n\t\t\t<div class=\"elementor-widget-wrap\">\n\t\t\t\t\t\t\t<\/div>\n\t\t<\/div>\n\t\t\t\t<div class=\"elementor-column elementor-col-50 elementor-inner-column elementor-element elementor-element-ff75dc9\" data-id=\"ff75dc9\" data-element_type=\"column\">\n\t\t\t<div class=\"elementor-widget-wrap elementor-element-populated\">\n\t\t\t\t\t\t<div class=\"elementor-element elementor-element-5fe6ef68 elementor-widget elementor-widget-text-editor\" data-id=\"5fe6ef68\" data-element_type=\"widget\" data-widget_type=\"text-editor.default\">\n\t\t\t\t<div class=\"elementor-widget-container\">\n\t\t\t\t\t\t\t\t\t<p><\/p>\n<p>Faysam Immigration est une compagnie de consultation canadienne sp\u00e9cialis\u00e9e en immigration, \u00e9tablie au Qu\u00e9bec, Canada.<\/p>\n<p><\/p>\n<p><\/p>\n<p>Elle est fond\u00e9e par Samir Fayad, un consultant r\u00e9glement\u00e9 en immigration canadienne, membre du <a href=\"https:\/\/college-ic.ca\/protecting-the-public\/find-an-immigration-consultant\" target=\"_blank\" rel=\"noreferrer noopener\">Coll\u00e8ge des Consultants en Immigration et Citoyennet\u00e9 (CCIC)<\/a> R711323 et membre du <a href=\"http:\/\/www.mifi.gouv.qc.ca\/fr\/reglementation-consultants\/index.html\" target=\"_blank\" rel=\"noreferrer noopener\">Registre Qu\u00e9b\u00e9cois des consultants en immigration<\/a> #12129.<\/p>\n<p><\/p>\n<p><\/p>\n<p>M\u00e9decin de formation initiale, Samir a acquis plus de 20 ans d\u2019exp\u00e9rience dans le domaine de droit m\u00e9dical en conseillant des compagnies d\u2019assurance sant\u00e9 priv\u00e9es et gouvernementales. Il a obtenu le dipl\u00f4me de Consultant R\u00e9glement\u00e9 en Immigration Canadienne du Coll\u00e8ge LaSalle \u00e0 Montr\u00e9al et re\u00e7u toutes les accr\u00e9ditations n\u00e9cessaires pour \u00eatre autoris\u00e9 \u00e0 exercer cette profession au Qu\u00e9bec et au Canada . Ayant franchi lui-m\u00eame toutes les \u00e9tapes de l\u2019immigration, il poss\u00e8de la capacit\u00e9 de comprendre tous ses aspects sociaux, \u00e9conomiques, et \u00e9motionnels, et de vous soutenir \u00e0 travers chaque \u00e9tape de votre projet d\u2019immigration. Il ma\u00eetrise l\u2019arabe, le russe, le fran\u00e7ais et l\u2019anglais ce qui lui permet d\u2019aider des personnes de partout dans le monde d\u2019immigrer au Canada.<\/p><p>Si vous avez des questions concernant le processus d&rsquo;immigration, n&rsquo;h\u00e9sitez pas \u00e0 nous contacter, ou \u00e0 obtenir votre \u00e9valuation gratuite!<\/p>\n<p><\/p>\n<p><\/p>\n<p><\/p>\n<p><\/p>\n<p><\/p>\n<p><\/p>\n<p><\/p>\t\t\t\t\t\t\t\t<\/div>\n\t\t\t\t<\/div>\n\t\t\t\t<div class=\"elementor-element elementor-element-7582b42 elementor-align-center elementor-widget elementor-widget-button\" data-id=\"7582b42\" data-element_type=\"widget\" data-widget_type=\"button.default\">\n\t\t\t\t<div class=\"elementor-widget-container\">\n\t\t\t\t\t\t\t\t\t<div class=\"elementor-button-wrapper\">\n\t\t\t\t\t<a class=\"elementor-button elementor-button-link elementor-size-sm\" href=\"http:\/\/5hx.6c4.mywebsitetransfer.com\/fr\/evaluation-gratuite\/\">\n\t\t\t\t\t\t<span class=\"elementor-button-content-wrapper\">\n\t\t\t\t\t\t\t\t\t<span class=\"elementor-button-text\">\u00c9valuation gratuite<\/span>\n\t\t\t\t\t<\/span>\n\t\t\t\t\t<\/a>\n\t\t\t\t<\/div>\n\t\t\t\t\t\t\t\t<\/div>\n\t\t\t\t<\/div>\n\t\t\t\t<div class=\"elementor-element elementor-element-ae588b2 elementor-align-center elementor-widget elementor-widget-button\" data-id=\"ae588b2\" data-element_type=\"widget\" data-widget_type=\"button.default\">\n\t\t\t\t<div class=\"elementor-widget-container\">\n\t\t\t\t\t\t\t\t\t<div class=\"elementor-button-wrapper\">\n\t\t\t\t\t<a class=\"elementor-button elementor-button-link elementor-size-sm\" href=\"http:\/\/5hx.6c4.mywebsitetransfer.com\/fr\/nous-contacter\/\">\n\t\t\t\t\t\t<span class=\"elementor-button-content-wrapper\">\n\t\t\t\t\t\t\t\t\t<span class=\"elementor-button-text\">Nous contacter<\/span>\n\t\t\t\t\t<\/span>\n\t\t\t\t\t<\/a>\n\t\t\t\t<\/div>\n\t\t\t\t\t\t\t\t<\/div>\n\t\t\t\t<\/div>\n\t\t\t\t\t<\/div>\n\t\t<\/div>\n\t\t\t\t\t<\/div>\n\t\t<\/section>\n\t\t\t\t\t<\/div>\n\t\t<\/div>\n\t\t\t\t\t<\/div>\n\t\t<\/section>\n\t\t\t\t<\/div>\n\t\t","protected":false},"excerpt":{"rendered":"<p>Faysam Immigration est une compagnie de consultation canadienne sp\u00e9cialis\u00e9e en immigration, \u00e9tablie au Qu\u00e9bec, Canada. Elle est fond\u00e9e par Samir Fayad, un consultant r\u00e9glement\u00e9 en immigration canadienne, membre du Coll\u00e8ge des Consultants en Immigration et Citoyennet\u00e9 (CCIC) R711323 et membre du Registre Qu\u00e9b\u00e9cois des consultants en immigration #12129. M\u00e9decin de formation initiale, Samir a acquis [&hellip;]<\/p>\n","protected":false},"author":1,"featured_media":404,"parent":0,"menu_order":0,"comment_status":"closed","ping_status":"closed","template":"","meta":{"site-sidebar-layout":"default","site-content-layout":"","ast-site-content-layout":"default","site-content-style":"default","site-sidebar-style":"default","ast-global-header-display":"","ast-banner-title-visibility":"","ast-main-header-display":"","ast-hfb-above-header-display":"","ast-hfb-below-header-display":"","ast-hfb-mobile-header-display":"","site-post-title":"","ast-breadcrumbs-content":"","ast-featured-img":"disabled","footer-sml-layout":"","ast-disable-related-posts":"","theme-transparent-header-meta":"","adv-header-id-meta":"","stick-header-meta":"","header-above-stick-meta":"","header-main-stick-meta":"","header-below-stick-meta":"","astra-migrate-meta-layouts":"default","ast-page-background-enabled":"default","ast-page-background-meta":{"desktop":{"background-color":"var(--ast-global-color-4)","background-image":"","background-repeat":"repeat","background-position":"center center","background-size":"auto","background-attachment":"scroll","background-type":"","background-media":"","overlay-type":"","overlay-color":"","overlay-opacity":"","overlay-gradient":""},"tablet":{"background-color":"","background-image":"","background-repeat":"repeat","background-position":"center center","background-size":"auto","background-attachment":"scroll","background-type":"","background-media":"","overlay-type":"","overlay-color":"","overlay-opacity":"","overlay-gradient":""},"mobile":{"background-color":"","background-image":"","background-repeat":"repeat","background-position":"center center","background-size":"auto","background-attachment":"scroll","background-type":"","background-media":"","overlay-type":"","overlay-color":"","overlay-opacity":"","overlay-gradient":""}},"ast-content-background-meta":{"desktop":{"background-color":"var(--ast-global-color-5)","background-image":"","background-repeat":"repeat","background-position":"center center","background-size":"auto","background-attachment":"scroll","background-type":"","background-media":"","overlay-type":"","overlay-color":"","overlay-opacity":"","overlay-gradient":""},"tablet":{"background-color":"var(--ast-global-color-5)","background-image":"","background-repeat":"repeat","background-position":"center center","background-size":"auto","background-attachment":"scroll","background-type":"","background-media":"","overlay-type":"","overlay-color":"","overlay-opacity":"","overlay-gradient":""},"mobile":{"background-color":"var(--ast-global-color-5)","background-image":"","background-repeat":"repeat","background-position":"center center","background-size":"auto","background-attachment":"scroll","background-type":"","background-media":"","overlay-type":"","overlay-color":"","overlay-opacity":"","overlay-gradient":""}},"footnotes":""},"class_list":["post-566","page","type-page","status-publish","has-post-thumbnail","hentry"],"yoast_head":"<!-- This site is optimized with the Yoast SEO plugin v26.8 - https:\/\/yoast.com\/product\/yoast-seo-wordpress\/ -->\n<title>Votre Consultant en immigration - Faysam Immigration<\/title>\n<meta name=\"description\" content=\"Faysam Immigration est une compagnie de consultation canadienne sp\u00e9cialis\u00e9e en immigration, \u00e9tablie au Qu\u00e9bec, Canada.\" \/>\n<meta name=\"robots\" content=\"index, follow, max-snippet:-1, max-image-preview:large, max-video-preview:-1\" \/>\n<link rel=\"canonical\" href=\"https:\/\/faysamimmigration.com\/fr\/votre-consultant-en-immigration\/\" \/>\n<meta property=\"og:locale\" content=\"fr_FR\" \/>\n<meta property=\"og:type\" content=\"article\" \/>\n<meta property=\"og:title\" content=\"Votre Consultant en immigration - Faysam Immigration\" \/>\n<meta property=\"og:description\" content=\"Faysam Immigration est une compagnie de consultation canadienne sp\u00e9cialis\u00e9e en immigration, \u00e9tablie au Qu\u00e9bec, Canada.\" \/>\n<meta property=\"og:url\" content=\"https:\/\/faysamimmigration.com\/fr\/votre-consultant-en-immigration\/\" \/>\n<meta property=\"og:site_name\" content=\"Faysam Immigration\" \/>\n<meta property=\"article:modified_time\" content=\"2023-01-07T20:47:30+00:00\" \/>\n<meta property=\"og:image\" content=\"https:\/\/faysamimmigration.com\/wp-content\/uploads\/2022\/09\/faysam_immigration_canada_flag_20220912.jpg\" \/>\n\t<meta property=\"og:image:width\" content=\"1200\" \/>\n\t<meta property=\"og:image:height\" content=\"800\" \/>\n\t<meta property=\"og:image:type\" content=\"image\/jpeg\" \/>\n<meta name=\"twitter:card\" content=\"summary_large_image\" \/>\n<meta name=\"twitter:label1\" content=\"Dur\u00e9e de lecture estim\u00e9e\" \/>\n\t<meta name=\"twitter:data1\" content=\"1 minute\" \/>\n<script type=\"application\/ld+json\" class=\"yoast-schema-graph\">{\"@context\":\"https:\/\/schema.org\",\"@graph\":[{\"@type\":\"WebPage\",\"@id\":\"https:\/\/faysamimmigration.com\/fr\/votre-consultant-en-immigration\/\",\"url\":\"https:\/\/faysamimmigration.com\/fr\/votre-consultant-en-immigration\/\",\"name\":\"Votre Consultant en immigration - Faysam Immigration\",\"isPartOf\":{\"@id\":\"https:\/\/faysamimmigration.com\/fr\/#website\"},\"primaryImageOfPage\":{\"@id\":\"https:\/\/faysamimmigration.com\/fr\/votre-consultant-en-immigration\/#primaryimage\"},\"image\":{\"@id\":\"https:\/\/faysamimmigration.com\/fr\/votre-consultant-en-immigration\/#primaryimage\"},\"thumbnailUrl\":\"https:\/\/faysamimmigration.com\/wp-content\/uploads\/2022\/09\/faysam_immigration_canada_flag_20220912.jpg\",\"datePublished\":\"2022-12-23T16:04:24+00:00\",\"dateModified\":\"2023-01-07T20:47:30+00:00\",\"description\":\"Faysam Immigration est une compagnie de consultation canadienne sp\u00e9cialis\u00e9e en immigration, \u00e9tablie au Qu\u00e9bec, Canada.\",\"breadcrumb\":{\"@id\":\"https:\/\/faysamimmigration.com\/fr\/votre-consultant-en-immigration\/#breadcrumb\"},\"inLanguage\":\"fr-FR\",\"potentialAction\":[{\"@type\":\"ReadAction\",\"target\":[\"https:\/\/faysamimmigration.com\/fr\/votre-consultant-en-immigration\/\"]}]},{\"@type\":\"ImageObject\",\"inLanguage\":\"fr-FR\",\"@id\":\"https:\/\/faysamimmigration.com\/fr\/votre-consultant-en-immigration\/#primaryimage\",\"url\":\"https:\/\/faysamimmigration.com\/wp-content\/uploads\/2022\/09\/faysam_immigration_canada_flag_20220912.jpg\",\"contentUrl\":\"https:\/\/faysamimmigration.com\/wp-content\/uploads\/2022\/09\/faysam_immigration_canada_flag_20220912.jpg\",\"width\":1200,\"height\":800,\"caption\":\"faysam immigration canada quebec samir fayad consultant cric\"},{\"@type\":\"BreadcrumbList\",\"@id\":\"https:\/\/faysamimmigration.com\/fr\/votre-consultant-en-immigration\/#breadcrumb\",\"itemListElement\":[{\"@type\":\"ListItem\",\"position\":1,\"name\":\"Home\",\"item\":\"https:\/\/faysamimmigration.com\/fr\/accueil\/\"},{\"@type\":\"ListItem\",\"position\":2,\"name\":\"Votre Consultant en immigration\"}]},{\"@type\":\"WebSite\",\"@id\":\"https:\/\/faysamimmigration.com\/fr\/#website\",\"url\":\"https:\/\/faysamimmigration.com\/fr\/\",\"name\":\"Faysam Immigration\",\"description\":\"Consultant r\u00e9glement\u00e9 en immigration et citoyennet\u00e9 canadienne\",\"publisher\":{\"@id\":\"https:\/\/faysamimmigration.com\/fr\/#organization\"},\"potentialAction\":[{\"@type\":\"SearchAction\",\"target\":{\"@type\":\"EntryPoint\",\"urlTemplate\":\"https:\/\/faysamimmigration.com\/fr\/?s={search_term_string}\"},\"query-input\":{\"@type\":\"PropertyValueSpecification\",\"valueRequired\":true,\"valueName\":\"search_term_string\"}}],\"inLanguage\":\"fr-FR\"},{\"@type\":\"Organization\",\"@id\":\"https:\/\/faysamimmigration.com\/fr\/#organization\",\"name\":\"Faysam Immigration\",\"url\":\"https:\/\/faysamimmigration.com\/fr\/\",\"logo\":{\"@type\":\"ImageObject\",\"inLanguage\":\"fr-FR\",\"@id\":\"https:\/\/faysamimmigration.com\/fr\/#\/schema\/logo\/image\/\",\"url\":\"https:\/\/faysamimmigration.com\/wp-content\/uploads\/2022\/09\/faysam_immigration_20221221_logo-01.png\",\"contentUrl\":\"https:\/\/faysamimmigration.com\/wp-content\/uploads\/2022\/09\/faysam_immigration_20221221_logo-01.png\",\"width\":782,\"height\":314,\"caption\":\"Faysam Immigration\"},\"image\":{\"@id\":\"https:\/\/faysamimmigration.com\/fr\/#\/schema\/logo\/image\/\"}}]}<\/script>\n<!-- \/ Yoast SEO plugin. -->","yoast_head_json":{"title":"Votre Consultant en immigration - Faysam Immigration","description":"Faysam Immigration est une compagnie de consultation canadienne sp\u00e9cialis\u00e9e en immigration, \u00e9tablie au Qu\u00e9bec, Canada.","robots":{"index":"index","follow":"follow","max-snippet":"max-snippet:-1","max-image-preview":"max-image-preview:large","max-video-preview":"max-video-preview:-1"},"canonical":"https:\/\/faysamimmigration.com\/fr\/votre-consultant-en-immigration\/","og_locale":"fr_FR","og_type":"article","og_title":"Votre Consultant en immigration - Faysam Immigration","og_description":"Faysam Immigration est une compagnie de consultation canadienne sp\u00e9cialis\u00e9e en immigration, \u00e9tablie au Qu\u00e9bec, Canada.","og_url":"https:\/\/faysamimmigration.com\/fr\/votre-consultant-en-immigration\/","og_site_name":"Faysam Immigration","article_modified_time":"2023-01-07T20:47:30+00:00","og_image":[{"width":1200,"height":800,"url":"https:\/\/faysamimmigration.com\/wp-content\/uploads\/2022\/09\/faysam_immigration_canada_flag_20220912.jpg","type":"image\/jpeg"}],"twitter_card":"summary_large_image","twitter_misc":{"Dur\u00e9e de lecture estim\u00e9e":"1 minute"},"schema":{"@context":"https:\/\/schema.org","@graph":[{"@type":"WebPage","@id":"https:\/\/faysamimmigration.com\/fr\/votre-consultant-en-immigration\/","url":"https:\/\/faysamimmigration.com\/fr\/votre-consultant-en-immigration\/","name":"Votre Consultant en immigration - Faysam Immigration","isPartOf":{"@id":"https:\/\/faysamimmigration.com\/fr\/#website"},"primaryImageOfPage":{"@id":"https:\/\/faysamimmigration.com\/fr\/votre-consultant-en-immigration\/#primaryimage"},"image":{"@id":"https:\/\/faysamimmigration.com\/fr\/votre-consultant-en-immigration\/#primaryimage"},"thumbnailUrl":"https:\/\/faysamimmigration.com\/wp-content\/uploads\/2022\/09\/faysam_immigration_canada_flag_20220912.jpg","datePublished":"2022-12-23T16:04:24+00:00","dateModified":"2023-01-07T20:47:30+00:00","description":"Faysam Immigration est une compagnie de consultation canadienne sp\u00e9cialis\u00e9e en immigration, \u00e9tablie au Qu\u00e9bec, Canada.","breadcrumb":{"@id":"https:\/\/faysamimmigration.com\/fr\/votre-consultant-en-immigration\/#breadcrumb"},"inLanguage":"fr-FR","potentialAction":[{"@type":"ReadAction","target":["https:\/\/faysamimmigration.com\/fr\/votre-consultant-en-immigration\/"]}]},{"@type":"ImageObject","inLanguage":"fr-FR","@id":"https:\/\/faysamimmigration.com\/fr\/votre-consultant-en-immigration\/#primaryimage","url":"https:\/\/faysamimmigration.com\/wp-content\/uploads\/2022\/09\/faysam_immigration_canada_flag_20220912.jpg","contentUrl":"https:\/\/faysamimmigration.com\/wp-content\/uploads\/2022\/09\/faysam_immigration_canada_flag_20220912.jpg","width":1200,"height":800,"caption":"faysam immigration canada quebec samir fayad consultant cric"},{"@type":"BreadcrumbList","@id":"https:\/\/faysamimmigration.com\/fr\/votre-consultant-en-immigration\/#breadcrumb","itemListElement":[{"@type":"ListItem","position":1,"name":"Home","item":"https:\/\/faysamimmigration.com\/fr\/accueil\/"},{"@type":"ListItem","position":2,"name":"Votre Consultant en immigration"}]},{"@type":"WebSite","@id":"https:\/\/faysamimmigration.com\/fr\/#website","url":"https:\/\/faysamimmigration.com\/fr\/","name":"Faysam Immigration","description":"Consultant r\u00e9glement\u00e9 en immigration et citoyennet\u00e9 canadienne","publisher":{"@id":"https:\/\/faysamimmigration.com\/fr\/#organization"},"potentialAction":[{"@type":"SearchAction","target":{"@type":"EntryPoint","urlTemplate":"https:\/\/faysamimmigration.com\/fr\/?s={search_term_string}"},"query-input":{"@type":"PropertyValueSpecification","valueRequired":true,"valueName":"search_term_string"}}],"inLanguage":"fr-FR"},{"@type":"Organization","@id":"https:\/\/faysamimmigration.com\/fr\/#organization","name":"Faysam Immigration","url":"https:\/\/faysamimmigration.com\/fr\/","logo":{"@type":"ImageObject","inLanguage":"fr-FR","@id":"https:\/\/faysamimmigration.com\/fr\/#\/schema\/logo\/image\/","url":"https:\/\/faysamimmigration.com\/wp-content\/uploads\/2022\/09\/faysam_immigration_20221221_logo-01.png","contentUrl":"https:\/\/faysamimmigration.com\/wp-content\/uploads\/2022\/09\/faysam_immigration_20221221_logo-01.png","width":782,"height":314,"caption":"Faysam Immigration"},"image":{"@id":"https:\/\/faysamimmigration.com\/fr\/#\/schema\/logo\/image\/"}}]}},"_links":{"self":[{"href":"https:\/\/faysamimmigration.com\/fr\/wp-json\/wp\/v2\/pages\/566","targetHints":{"allow":["GET"]}}],"collection":[{"href":"https:\/\/faysamimmigration.com\/fr\/wp-json\/wp\/v2\/pages"}],"about":[{"href":"https:\/\/faysamimmigration.com\/fr\/wp-json\/wp\/v2\/types\/page"}],"author":[{"embeddable":true,"href":"https:\/\/faysamimmigration.com\/fr\/wp-json\/wp\/v2\/users\/1"}],"replies":[{"embeddable":true,"href":"https:\/\/faysamimmigration.com\/fr\/wp-json\/wp\/v2\/comments?post=566"}],"version-history":[{"count":18,"href":"https:\/\/faysamimmigration.com\/fr\/wp-json\/wp\/v2\/pages\/566\/revisions"}],"predecessor-version":[{"id":677,"href":"https:\/\/faysamimmigration.com\/fr\/wp-json\/wp\/v2\/pages\/566\/revisions\/677"}],"wp:featuredmedia":[{"embeddable":true,"href":"https:\/\/faysamimmigration.com\/fr\/wp-json\/wp\/v2\/media\/404"}],"wp:attachment":[{"href":"https:\/\/faysamimmigration.com\/fr\/wp-json\/wp\/v2\/media?parent=566"}],"curies":[{"name":"wp","href":"https:\/\/api.w.org\/{rel}","templated":true}]}}